{"id":20,"date":"2023-11-02T20:29:09","date_gmt":"2023-11-02T20:29:09","guid":{"rendered":"https:\/\/h600446.web311.dogado.net\/pfotodogde\/?page_id=20"},"modified":"2025-08-12T19:55:12","modified_gmt":"2025-08-12T19:55:12","slug":"training","status":"publish","type":"page","link":"https:\/\/pfotodog.de\/?page_id=20","title":{"rendered":"Hunde Training"},"content":{"rendered":"<div class=\"wp-block-image\">\n<figure class=\"aligncenter size-large is-resized\"><img loading=\"lazy\" decoding=\"async\" width=\"1024\" height=\"199\" src=\"https:\/\/pfotodog.de\/wp-content\/uploads\/2023\/11\/training-1024x199.jpg\" alt=\"\" class=\"wp-image-646\" style=\"aspect-ratio:5.1457286432160805;width:669px;height:auto\" srcset=\"https:\/\/pfotodog.de\/wp-content\/uploads\/2023\/11\/training-1024x199.jpg 1024w, https:\/\/pfotodog.de\/wp-content\/uploads\/2023\/11\/training-300x58.jpg 300w, https:\/\/pfotodog.de\/wp-content\/uploads\/2023\/11\/training-768x149.jpg 768w, https:\/\/pfotodog.de\/wp-content\/uploads\/2023\/11\/training-309x60.jpg 309w, https:\/\/pfotodog.de\/wp-content\/uploads\/2023\/11\/training.jpg 1500w\" sizes=\"auto, (max-width: 1024px) 100vw, 1024px\" \/><\/figure>\n<\/div>\n\n\n<p class=\"has-text-align-center\"><strong>Wissen \u2013 Kommunikation \u2013 <strong>Vertrauen<\/strong><\/strong> <strong>\u2013<\/strong> <strong>Sicherheit  \u2013 Spa\u00df<\/strong>.<\/p>\n\n\n\n<p class=\"has-text-align-center\"><strong>Mein Bestreben ist es, Hundehalter und ihren Hund als Team zu ihrem pers\u00f6nlichen Ziel zu begleiten.<\/strong><strong><br><\/strong>Die eine Methode f\u00fcr alle gibt es dabei nicht.<br><strong>Jeder Mensch, jeder Hund und auch die gesetzten Ziele sind sehr unterschiedlich.<\/strong><br>Wichtig sind mir im Training: den Hund verstehen lernen, richtig zu kommunizieren um sich selbst richtig verhalten zu k\u00f6nnen. Vertrauen, Verbindlichkeit und Klarheit zu vermitteln. Auch in dem man lernt, dem Hund fair und ohne Gewalt Grenzen zu setzen. Der Aufbau von Signalen erfolgt \u00fcber positives Arbeiten und Verst\u00e4rken von erw\u00fcnschtem Verhalten.<\/p>\n\n\n\n<p class=\"has-text-align-center\"><strong>Es gibt einen Unterschied zwischen der Erziehung und der Ausbildung des Hundes.<\/strong><br>Im sozialen Umgang miteinander sind andere Dinge wichtig, als wenn man trainiert Verhalten auf bestimmte Signale hin umzusetzen. Aber Beides geh\u00f6rt zusammen. Das merkt man sp\u00e4testens dann, wenn der Hund verstanden hat was z.B. \u201esitz\u201c bedeutet, es aber nur dann umsetzt, wenn er das m\u00f6chte und\/oder zu seinen Bedingungen.<br><br><strong>F\u00fcr jedes Team den richtigen Weg finden und gemeinsam die Erfolge zu sehen, das ist meine Leidenschaft!<\/strong><\/p>\n\n\n\n<p class=\"has-text-align-center\"><strong>Bei mir sind alle Hunde willkommen<\/strong>,<br>unabh\u00e4ngig welcher Rasse der Hund angeh\u00f6rt oder wie alt er ist.<\/p>\n\n\n\n<p class=\"has-text-align-center\">Gepr\u00fcft und genehmigt durch das Veterin\u00e4ramt Backnang nach \u00a7 11 Abs. 1 Nr. 8 f TierSchutzGesetz.<\/p>\n\n\n\n<p class=\"has-text-align-center\">Gelassenheit im Alltag, Orientierung an Ihnen, sicherer R\u00fcckruf\/ Stopp-Signal und eine gute Leinenf\u00fchrigkeit sind wichtige Grundlagen, um entspannt und vor allem sicher durch das Hundeleben zu kommen. Dies baut man am effektivsten im Einzeltraining, mit einem auf Sie und Ihren Hund zugeschnittenen Trainingsplan auf.<\/p>\n\n\n\n<p class=\"has-text-align-center\"><strong>Starten Sie jetzt, das Alter des Hundes spielt keine Rolle!<\/strong><\/p>\n\n\n\n<p class=\"has-text-align-center\"><strong>Anmeldungen<\/strong>&nbsp;per E-Mail an&nbsp;<a href=\"mailto:pfotodog@t-online.de\" target=\"_blank\" rel=\"noreferrer noopener\">pfotodog@t-online.de<\/a>&nbsp;oder unter Telefon 01771720517<\/p>\n\n\n\n<p><\/p>\n\n\n\n<p class=\"has-text-align-center has-luminous-vivid-amber-color has-text-color has-link-color wp-elements-5845643787dcd0391601a6cfb39ac2b4\"><strong>Es gibt regelm\u00e4\u00dfig Vortr\u00e4ge zu verschiedenen Themen.<\/strong><br>Auch ist es M\u00f6glich, dass mich Hundeschulen\/Vereine oder Gruppen zu Vortr\u00e4gen buchen.<strong><br>Diese werden immer auf der <a href=\"https:\/\/pfotodog.de\/\" data-type=\"page\" data-id=\"9\">STARTSEITE<\/a> bekannt gegeben.<\/strong><\/p>\n\n\n\n<hr class=\"wp-block-separator has-alpha-channel-opacity\"\/>\n\n\n\n<p class=\"has-text-align-center\"><strong>Angebot und Preise<\/strong><\/p>\n\n\n<div class=\"wp-block-image\">\n<figure class=\"aligncenter size-large is-resized\"><img loading=\"lazy\" decoding=\"async\" width=\"1024\" height=\"443\" src=\"https:\/\/pfotodog.de\/wp-content\/uploads\/2023\/11\/Preise_training.emf_-1024x443.jpg\" alt=\"\" class=\"wp-image-689\" style=\"aspect-ratio:2.311512415349887;width:854px;height:auto\" srcset=\"https:\/\/pfotodog.de\/wp-content\/uploads\/2023\/11\/Preise_training.emf_-1024x443.jpg 1024w, https:\/\/pfotodog.de\/wp-content\/uploads\/2023\/11\/Preise_training.emf_-300x130.jpg 300w, https:\/\/pfotodog.de\/wp-content\/uploads\/2023\/11\/Preise_training.emf_-768x333.jpg 768w, https:\/\/pfotodog.de\/wp-content\/uploads\/2023\/11\/Preise_training.emf_-139x60.jpg 139w, https:\/\/pfotodog.de\/wp-content\/uploads\/2023\/11\/Preise_training.emf_.jpg 1231w\" sizes=\"auto, (max-width: 1024px) 100vw, 1024px\" \/><\/figure>\n<\/div>\n\n\n<p class=\"has-text-align-center\">Anfahrt zu Hausbesuchen: 5km kostenlos, jeder weitere Km 0,30\u20ac<\/p>\n\n\n\n<hr class=\"wp-block-separator has-alpha-channel-opacity\"\/>\n\n\n\n<p class=\"has-text-align-center\">Sei klar im Nein und ansonsten voll liebevoller Zuwendung (Maren Grote)<br><br>Am&nbsp;Hund&nbsp;zu&nbsp;arbeiten ohne&nbsp;an sich&nbsp;selber&nbsp;zu&nbsp;arbeiten, ist so als w\u00fcrde&nbsp;man&nbsp;einen&nbsp;Spiegel putzen,&nbsp;wenn man Dreck&nbsp;im Gesicht&nbsp;hat. (Anita Balser)<\/p>\n\n\n\n<hr class=\"wp-block-separator has-alpha-channel-opacity\"\/>\n\n\n<div class=\"wp-block-image\">\n<figure class=\"aligncenter size-full is-resized\"><img loading=\"lazy\" decoding=\"async\" width=\"500\" height=\"337\" src=\"https:\/\/pfotodog.de\/wp-content\/uploads\/2023\/11\/training_spas.jpg\" alt=\"\" class=\"wp-image-666\" style=\"aspect-ratio:1.4836795252225519;width:302px;height:auto\" srcset=\"https:\/\/pfotodog.de\/wp-content\/uploads\/2023\/11\/training_spas.jpg 500w, https:\/\/pfotodog.de\/wp-content\/uploads\/2023\/11\/training_spas-300x202.jpg 300w, https:\/\/pfotodog.de\/wp-content\/uploads\/2023\/11\/training_spas-89x60.jpg 89w\" sizes=\"auto, (max-width: 500px) 100vw, 500px\" \/><\/figure>\n<\/div>\n\n\n<p class=\"has-text-align-center\">Sie \u00fcberlegen sich einen Hund aufzunehmen und&nbsp;<strong>fragen sich was denn der richtige Begleiter f\u00fcr Sie ist?<\/strong><br>Gerne&nbsp;<strong>stehe ich Ihnen beratend zur Seite<\/strong>. Jede Rasse (auch bei einem Mischling) und auch innerhalb der Rasse jede verschiedene Linie bringt durch verschiedene Genetik nicht nur eine gewisse Optik, sondern auch ein gewisses Grundpotential an verschiedenen Verhaltensweisen mit sich, welche sich nicht ganz \u201ewegtrainieren\u201c, sondern nur entsprechend lenken\/kontrollieren lassen. Diese Grundeigenschaften sollten einem bewusst sein und zu einem selbst, dem Lebensstil und den Anforderungen an den Hund passen um Probleme zu vermeiden. Eine Beratung kostet 15\u20ac.<\/p>\n","protected":false},"excerpt":{"rendered":"<p>Wissen \u2013 Kommunikation \u2013 Vertrauen \u2013 Sicherheit \u2013 Spa\u00df. Mein Bestreben ist es, Hundehalter und ihren Hund als Team zu ihrem pers\u00f6nlichen Ziel zu begleiten.Die eine Methode f\u00fcr alle gibt es dabei nicht.Jeder Mensch, jeder Hund und auch die gesetzten Ziele sind sehr unterschiedlich.Wichtig sind mir im Training: den Hund verstehen lernen, richtig zu kommunizieren &hellip; <\/p>\n","protected":false},"author":1,"featured_media":0,"parent":0,"menu_order":0,"comment_status":"closed","ping_status":"closed","template":"","meta":{"ngg_post_thumbnail":0,"footnotes":""},"class_list":["post-20","page","type-page","status-publish","hentry"],"_links":{"self":[{"href":"https:\/\/pfotodog.de\/index.php?rest_route=\/wp\/v2\/pages\/20","targetHints":{"allow":["GET"]}}],"collection":[{"href":"https:\/\/pfotodog.de\/index.php?rest_route=\/wp\/v2\/pages"}],"about":[{"href":"https:\/\/pfotodog.de\/index.php?rest_route=\/wp\/v2\/types\/page"}],"author":[{"embeddable":true,"href":"https:\/\/pfotodog.de\/index.php?rest_route=\/wp\/v2\/users\/1"}],"replies":[{"embeddable":true,"href":"https:\/\/pfotodog.de\/index.php?rest_route=%2Fwp%2Fv2%2Fcomments&post=20"}],"version-history":[{"count":26,"href":"https:\/\/pfotodog.de\/index.php?rest_route=\/wp\/v2\/pages\/20\/revisions"}],"predecessor-version":[{"id":1011,"href":"https:\/\/pfotodog.de\/index.php?rest_route=\/wp\/v2\/pages\/20\/revisions\/1011"}],"wp:attachment":[{"href":"https:\/\/pfotodog.de\/index.php?rest_route=%2Fwp%2Fv2%2Fmedia&parent=20"}],"curies":[{"name":"wp","href":"https:\/\/api.w.org\/{rel}","templated":true}]}}