{"id":22,"date":"2023-11-02T20:29:50","date_gmt":"2023-11-02T20:29:50","guid":{"rendered":"https:\/\/h600446.web311.dogado.net\/pfotodogde\/?page_id=22"},"modified":"2025-06-23T08:00:01","modified_gmt":"2025-06-23T08:00:01","slug":"fotografie","status":"publish","type":"page","link":"https:\/\/pfotodog.de\/?page_id=22","title":{"rendered":"Fotografie"},"content":{"rendered":"\n<p class=\"has-text-align-center\">Momente f\u00fcr die Ewigkeit festzuhalten und dabei das Wesen des Tieres im Bild einfangen.<br>&#8222;Ein Foto ist eine Liebeserkl\u00e4rung an einen Moment&#8220;<\/p>\n\n\n<div class=\"wp-block-image\">\n<figure class=\"aligncenter size-large is-resized\"><img loading=\"lazy\" decoding=\"async\" width=\"1024\" height=\"180\" src=\"https:\/\/pfotodog.de\/wp-content\/uploads\/2023\/11\/Fotografie-1024x180.jpg\" alt=\"\" class=\"wp-image-472\" style=\"aspect-ratio:5.688888888888889;width:708px;height:auto\" srcset=\"https:\/\/pfotodog.de\/wp-content\/uploads\/2023\/11\/Fotografie-1024x180.jpg 1024w, https:\/\/pfotodog.de\/wp-content\/uploads\/2023\/11\/Fotografie-300x53.jpg 300w, https:\/\/pfotodog.de\/wp-content\/uploads\/2023\/11\/Fotografie-768x135.jpg 768w, https:\/\/pfotodog.de\/wp-content\/uploads\/2023\/11\/Fotografie-342x60.jpg 342w, https:\/\/pfotodog.de\/wp-content\/uploads\/2023\/11\/Fotografie.jpg 1500w\" sizes=\"auto, (max-width: 1024px) 100vw, 1024px\" \/><\/figure>\n<\/div>\n\n\n<p class=\"has-text-align-center\">Ich fotografiere alle Tiere sehr gerne, auch wenn Auftr\u00e4ge meistens von Hundehaltern kommen.<\/p>\n\n\n\n<p class=\"has-text-align-center\">Durch meine Erfahrungen in der Ausbildung mit Tieren, sind auch Fotoshootings mit \u00e4ngstlichen oder &#8222;schwierigen&#8220; Hunden m\u00f6glich. K\u00f6nnen muss ein Tier f\u00fcr ein Shooting nichts, auch wenn Sitzenbleiben und Abruf nat\u00fcrlich von Vorteil sind. Bei Tieren, welche nicht abgeleint werden k\u00f6nnen, besteht die M\u00f6glichkeit eine Sicherheitsleine zu verwenden und diese am PC heraus zu retuschieren.<\/p>\n\n\n\n<p><\/p>\n\n\n<div class=\"wp-block-image\">\n<figure class=\"aligncenter size-large is-resized\"><img loading=\"lazy\" decoding=\"async\" width=\"1024\" height=\"606\" src=\"https:\/\/pfotodog.de\/wp-content\/uploads\/2023\/11\/Leinen_retusche-1024x606.jpg\" alt=\"\" class=\"wp-image-454\" style=\"aspect-ratio:1.6897689768976898;width:371px;height:auto\" srcset=\"https:\/\/pfotodog.de\/wp-content\/uploads\/2023\/11\/Leinen_retusche-1024x606.jpg 1024w, https:\/\/pfotodog.de\/wp-content\/uploads\/2023\/11\/Leinen_retusche-300x178.jpg 300w, https:\/\/pfotodog.de\/wp-content\/uploads\/2023\/11\/Leinen_retusche-768x455.jpg 768w, https:\/\/pfotodog.de\/wp-content\/uploads\/2023\/11\/Leinen_retusche-101x60.jpg 101w, https:\/\/pfotodog.de\/wp-content\/uploads\/2023\/11\/Leinen_retusche.jpg 1500w\" sizes=\"auto, (max-width: 1024px) 100vw, 1024px\" \/><\/figure>\n<\/div>\n\n\n<p class=\"has-text-align-center\">Um 73630 Remshalden herum gibt es viele sch\u00f6ne Locations zum Fotografieren. Auch besteht die M\u00f6glichkeit, mein eigenes Studio zu nutzen. Gerne fahre ich auch nach Absprache zu Ihnen.<\/p>\n\n\n<div class=\"wp-block-image\">\n<figure class=\"aligncenter size-large is-resized\"><img loading=\"lazy\" decoding=\"async\" width=\"1024\" height=\"496\" src=\"https:\/\/pfotodog.de\/wp-content\/uploads\/2023\/11\/Fotostudio-1024x496.jpg\" alt=\"\" class=\"wp-image-461\" style=\"aspect-ratio:2.064516129032258;width:370px;height:auto\" srcset=\"https:\/\/pfotodog.de\/wp-content\/uploads\/2023\/11\/Fotostudio-1024x496.jpg 1024w, https:\/\/pfotodog.de\/wp-content\/uploads\/2023\/11\/Fotostudio-300x145.jpg 300w, https:\/\/pfotodog.de\/wp-content\/uploads\/2023\/11\/Fotostudio-768x372.jpg 768w, https:\/\/pfotodog.de\/wp-content\/uploads\/2023\/11\/Fotostudio-124x60.jpg 124w, https:\/\/pfotodog.de\/wp-content\/uploads\/2023\/11\/Fotostudio.jpg 1500w\" sizes=\"auto, (max-width: 1024px) 100vw, 1024px\" \/><\/figure>\n<\/div>\n\n\n<p class=\"has-text-align-center\"><strong>Preise<\/strong><\/p>\n\n\n\n<p class=\"has-text-align-center\">Anfahrt (15km um Remshalden kostenlos) &#8211; 0,25\u20ac\/km&nbsp;<\/p>\n\n\n\n<p class=\"has-text-align-center has-luminous-vivid-amber-color has-text-color has-link-color wp-elements-fcfe3aef76e579204dbda0afbb59156c\"><strong>Ich gebe bei jedem Shooting alle Bilder entwickelt und in original Qualit\u00e4t ohne (c) ab, die technisch in Ordnung sind. Mindestens 15 St\u00fcck, aber meist sind das deutlich mehr.<\/strong><\/p>\n\n\n\n<p><\/p>\n\n\n<div class=\"wp-block-image\">\n<figure class=\"aligncenter size-full is-resized\"><img loading=\"lazy\" decoding=\"async\" width=\"831\" height=\"336\" src=\"https:\/\/pfotodog.de\/wp-content\/uploads\/2025\/06\/Preise_fotos_n.jpg\" alt=\"\" class=\"wp-image-983\" style=\"aspect-ratio:3.360323886639676;width:625px;height:auto\" srcset=\"https:\/\/pfotodog.de\/wp-content\/uploads\/2025\/06\/Preise_fotos_n.jpg 831w, https:\/\/pfotodog.de\/wp-content\/uploads\/2025\/06\/Preise_fotos_n-300x121.jpg 300w, https:\/\/pfotodog.de\/wp-content\/uploads\/2025\/06\/Preise_fotos_n-768x311.jpg 768w\" sizes=\"auto, (max-width: 831px) 100vw, 831px\" \/><\/figure>\n<\/div>\n\n\n<p class=\"has-text-align-center\">Auslieferung: digital \u00fcber einen Download Link. Drucke auf Anfrage.<br>Es gibt auch Geschenkgutscheine f\u00fcr Shootings.<\/p>\n\n\n\n<p><\/p>\n\n\n\n<p class=\"has-text-align-center\"><strong>Beispielbilder \/ Portfolio<\/strong><\/p>\n\n\n\nngg_shortcode_0_placeholder\n","protected":false},"excerpt":{"rendered":"<p>Momente f\u00fcr die Ewigkeit festzuhalten und dabei das Wesen des Tieres im Bild einfangen.&#8222;Ein Foto ist eine Liebeserkl\u00e4rung an einen Moment&#8220; Ich fotografiere alle Tiere sehr gerne, auch wenn Auftr\u00e4ge meistens von Hundehaltern kommen. Durch meine Erfahrungen in der Ausbildung mit Tieren, sind auch Fotoshootings mit \u00e4ngstlichen oder &#8222;schwierigen&#8220; Hunden m\u00f6glich. K\u00f6nnen muss ein Tier &hellip; <\/p>\n","protected":false},"author":1,"featured_media":0,"parent":0,"menu_order":0,"comment_status":"closed","ping_status":"closed","template":"","meta":{"ngg_post_thumbnail":0,"footnotes":""},"class_list":["post-22","page","type-page","status-publish","hentry"],"_links":{"self":[{"href":"https:\/\/pfotodog.de\/index.php?rest_route=\/wp\/v2\/pages\/22","targetHints":{"allow":["GET"]}}],"collection":[{"href":"https:\/\/pfotodog.de\/index.php?rest_route=\/wp\/v2\/pages"}],"about":[{"href":"https:\/\/pfotodog.de\/index.php?rest_route=\/wp\/v2\/types\/page"}],"author":[{"embeddable":true,"href":"https:\/\/pfotodog.de\/index.php?rest_route=\/wp\/v2\/users\/1"}],"replies":[{"embeddable":true,"href":"https:\/\/pfotodog.de\/index.php?rest_route=%2Fwp%2Fv2%2Fcomments&post=22"}],"version-history":[{"count":22,"href":"https:\/\/pfotodog.de\/index.php?rest_route=\/wp\/v2\/pages\/22\/revisions"}],"predecessor-version":[{"id":984,"href":"https:\/\/pfotodog.de\/index.php?rest_route=\/wp\/v2\/pages\/22\/revisions\/984"}],"wp:attachment":[{"href":"https:\/\/pfotodog.de\/index.php?rest_route=%2Fwp%2Fv2%2Fmedia&parent=22"}],"curies":[{"name":"wp","href":"https:\/\/api.w.org\/{rel}","templated":true}]}}