{"id":41,"date":"2023-11-02T20:39:34","date_gmt":"2023-11-02T20:39:34","guid":{"rendered":"https:\/\/h600446.web311.dogado.net\/pfotodogde\/?page_id=41"},"modified":"2024-11-12T17:36:06","modified_gmt":"2024-11-12T17:36:06","slug":"ueber-mich","status":"publish","type":"page","link":"https:\/\/pfotodog.de\/?page_id=41","title":{"rendered":"\u00dcber Mich"},"content":{"rendered":"<div class=\"wp-block-image\">\n<figure class=\"aligncenter size-large is-resized\"><img loading=\"lazy\" decoding=\"async\" width=\"1024\" height=\"250\" src=\"https:\/\/pfotodog.de\/wp-content\/uploads\/2023\/11\/SandraBaeder1-1024x250.jpg\" alt=\"\" class=\"wp-image-248\" style=\"aspect-ratio:4.096;width:742px;height:auto\" srcset=\"https:\/\/pfotodog.de\/wp-content\/uploads\/2023\/11\/SandraBaeder1-1024x250.jpg 1024w, https:\/\/pfotodog.de\/wp-content\/uploads\/2023\/11\/SandraBaeder1-300x73.jpg 300w, https:\/\/pfotodog.de\/wp-content\/uploads\/2023\/11\/SandraBaeder1-768x187.jpg 768w, https:\/\/pfotodog.de\/wp-content\/uploads\/2023\/11\/SandraBaeder1-1536x374.jpg 1536w, https:\/\/pfotodog.de\/wp-content\/uploads\/2023\/11\/SandraBaeder1-2048x499.jpg 2048w, https:\/\/pfotodog.de\/wp-content\/uploads\/2023\/11\/SandraBaeder1-246x60.jpg 246w\" sizes=\"auto, (max-width: 1024px) 100vw, 1024px\" \/><\/figure>\n<\/div>\n\n\n<p class=\"has-text-align-center\">Mein Name ist Sandra B\u00e4der, ich bin im Oktober 1987 geboren und mein Tag hat generell 60h zu wenig f\u00fcr die Ideen in meinem Kopf und die Fachb\u00fccher, die ich lesen m\u00f6chte \ud83d\ude00<\/p>\n\n\n\n<p class=\"has-text-align-center\">Hauptberuflich bin ich Mama und Entwicklungsingenieur bei Mercedes Benz.<\/p>\n\n\n\n<p class=\"has-text-align-center\">Meine gro\u00dfe Begeisterung f\u00fcr Tiere (vor allem Hunde), wird begleitet von der Leidenschaft zur Fotografie und dem Malen.<\/p>\n\n\n\n<p class=\"has-text-align-center\">Nach vielen verschiedenen Gassi-Hunden und Hunden von Freunden mit denen ich sportlich aktiv war (meine Eltern wollten keinen eigenen Hund), mehreren Jahren Vereinstrainer auf dem Hundesportplatz, vielen B\u00fcchern, Seminaren, Schulungen und dann einem eigenem Hund den ich, als er 3,5Jahre alt war, mit diversen Special Effekts \u00fcbernommen habe, wurde ich immer \u00f6fter nach Rat oder Hilfe im Training von anderen Hundehaltern angefragt.<br><br>Die vielen positiven R\u00fcckmeldungen und weiteren Anfragen brachten mich dazu, mich entsprechend weiterzubilden und die theoretische wie praktische Pr\u00fcfung abzulegen. Seit November 2021 habe ich die Erlaubnis nach \u00a7 11 TierSchG des Veterin\u00e4ramtes f\u00fcr das gewerbsm\u00e4\u00dfige Ausbilden von Hunden f\u00fcr Dritte bzw. die Anleitung der Ausbildung der Hunde durch den Tierhalter und habe mir damit einen pers\u00f6nlichen Traum erf\u00fcllt. Frei nach dem Motto: \u201eNur wer denkt, dass er genug wei\u00df ist wirklich arm an Wissen\u201c ist eine kontinuierliche Fortbildung f\u00fcr mich selbstverst\u00e4ndlich. Man lernt bekanntlich nie aus und auch die verf\u00fcgbaren Forschungsergebnisse werden immer mehr. Aktuell habe ich einen BorderCollie R\u00fcden, unsere Hobbies sind RallyObedience, Trickdog und Mantrailing. Ab und zu helfen wir in einer kleinen privat Sch\u00e4ferei aus die Schafe umzustellen.<\/p>\n\n\n\n<p><\/p>\n\n\n<div class=\"wp-block-image\">\n<figure class=\"aligncenter size-large is-resized\"><img loading=\"lazy\" decoding=\"async\" width=\"1024\" height=\"737\" src=\"https:\/\/pfotodog.de\/wp-content\/uploads\/2024\/11\/DSC_3993-Kopie-klein-1024x737.jpg\" alt=\"\" class=\"wp-image-852\" style=\"width:465px;height:auto\" srcset=\"https:\/\/pfotodog.de\/wp-content\/uploads\/2024\/11\/DSC_3993-Kopie-klein-1024x737.jpg 1024w, https:\/\/pfotodog.de\/wp-content\/uploads\/2024\/11\/DSC_3993-Kopie-klein-300x216.jpg 300w, https:\/\/pfotodog.de\/wp-content\/uploads\/2024\/11\/DSC_3993-Kopie-klein-768x553.jpg 768w, https:\/\/pfotodog.de\/wp-content\/uploads\/2024\/11\/DSC_3993-Kopie-klein-1536x1106.jpg 1536w, https:\/\/pfotodog.de\/wp-content\/uploads\/2024\/11\/DSC_3993-Kopie-klein.jpg 2047w\" sizes=\"auto, (max-width: 1024px) 100vw, 1024px\" \/><\/figure>\n<\/div>\n\n\n<p> <\/p>\n\n\n<div class=\"wp-block-image\">\n<figure class=\"aligncenter size-large is-resized\"><img loading=\"lazy\" decoding=\"async\" width=\"681\" height=\"1024\" src=\"https:\/\/pfotodog.de\/wp-content\/uploads\/2024\/11\/DSC_4606-klein-681x1024.jpg\" alt=\"\" class=\"wp-image-853\" style=\"width:470px;height:auto\" srcset=\"https:\/\/pfotodog.de\/wp-content\/uploads\/2024\/11\/DSC_4606-klein-681x1024.jpg 681w, https:\/\/pfotodog.de\/wp-content\/uploads\/2024\/11\/DSC_4606-klein-200x300.jpg 200w, https:\/\/pfotodog.de\/wp-content\/uploads\/2024\/11\/DSC_4606-klein-768x1154.jpg 768w, https:\/\/pfotodog.de\/wp-content\/uploads\/2024\/11\/DSC_4606-klein-1022x1536.jpg 1022w, https:\/\/pfotodog.de\/wp-content\/uploads\/2024\/11\/DSC_4606-klein.jpg 1362w\" sizes=\"auto, (max-width: 681px) 100vw, 681px\" \/><\/figure>\n<\/div>\n\n\n<p> <\/p>\n\n\n<div class=\"wp-block-image\">\n<figure class=\"aligncenter size-full is-resized\"><img loading=\"lazy\" decoding=\"async\" width=\"500\" height=\"356\" src=\"https:\/\/pfotodog.de\/wp-content\/uploads\/2023\/11\/SandraBaeder.jpg\" alt=\"\" class=\"wp-image-249\" style=\"width:470px;height:auto\" srcset=\"https:\/\/pfotodog.de\/wp-content\/uploads\/2023\/11\/SandraBaeder.jpg 500w, https:\/\/pfotodog.de\/wp-content\/uploads\/2023\/11\/SandraBaeder-300x214.jpg 300w, https:\/\/pfotodog.de\/wp-content\/uploads\/2023\/11\/SandraBaeder-84x60.jpg 84w\" sizes=\"auto, (max-width: 500px) 100vw, 500px\" \/><\/figure>\n<\/div>","protected":false},"excerpt":{"rendered":"<p>Mein Name ist Sandra B\u00e4der, ich bin im Oktober 1987 geboren und mein Tag hat generell 60h zu wenig f\u00fcr die Ideen in meinem Kopf und die Fachb\u00fccher, die ich lesen m\u00f6chte \ud83d\ude00 Hauptberuflich bin ich Mama und Entwicklungsingenieur bei Mercedes Benz. Meine gro\u00dfe Begeisterung f\u00fcr Tiere (vor allem Hunde), wird begleitet von der Leidenschaft &hellip; <\/p>\n","protected":false},"author":1,"featured_media":0,"parent":0,"menu_order":0,"comment_status":"closed","ping_status":"closed","template":"","meta":{"ngg_post_thumbnail":0,"footnotes":""},"class_list":["post-41","page","type-page","status-publish","hentry"],"_links":{"self":[{"href":"https:\/\/pfotodog.de\/index.php?rest_route=\/wp\/v2\/pages\/41","targetHints":{"allow":["GET"]}}],"collection":[{"href":"https:\/\/pfotodog.de\/index.php?rest_route=\/wp\/v2\/pages"}],"about":[{"href":"https:\/\/pfotodog.de\/index.php?rest_route=\/wp\/v2\/types\/page"}],"author":[{"embeddable":true,"href":"https:\/\/pfotodog.de\/index.php?rest_route=\/wp\/v2\/users\/1"}],"replies":[{"embeddable":true,"href":"https:\/\/pfotodog.de\/index.php?rest_route=%2Fwp%2Fv2%2Fcomments&post=41"}],"version-history":[{"count":4,"href":"https:\/\/pfotodog.de\/index.php?rest_route=\/wp\/v2\/pages\/41\/revisions"}],"predecessor-version":[{"id":855,"href":"https:\/\/pfotodog.de\/index.php?rest_route=\/wp\/v2\/pages\/41\/revisions\/855"}],"wp:attachment":[{"href":"https:\/\/pfotodog.de\/index.php?rest_route=%2Fwp%2Fv2%2Fmedia&parent=41"}],"curies":[{"name":"wp","href":"https:\/\/api.w.org\/{rel}","templated":true}]}}