{"id":9,"date":"2023-11-02T20:08:05","date_gmt":"2023-11-02T20:08:05","guid":{"rendered":"https:\/\/h600446.web311.dogado.net\/pfotodogde\/?page_id=9"},"modified":"2026-03-09T17:51:56","modified_gmt":"2026-03-09T17:51:56","slug":"startseite","status":"publish","type":"page","link":"https:\/\/pfotodog.de\/","title":{"rendered":"Startseite"},"content":{"rendered":"\nngg_shortcode_0_placeholder\n\n\n\n<p class=\"has-text-align-center\">Hier finden Sie alle Informationen \u00fcber mich, meine Tiere, das Hundetraining sowie das Fotografieren und die Malerei. Ich w\u00fcnsche viel Spa\u00df beim Anschauen.<\/p>\n\n\n\n<p class=\"has-text-align-center\" style=\"font-size:18px;font-style:italic;font-weight:700\"><strong>Sandra B\u00e4der<\/strong><\/p>\n\n\n\n<hr class=\"wp-block-separator has-alpha-channel-opacity\"\/>\n\n\n\n<p class=\"has-text-align-center\">Gerne erstelle ich Gutscheine zum Verschenken f\u00fcr Fotoshootings, Gem\u00e4lde oder Training.<br>Bei Interesse einfach melden.<\/p>\n\n\n\n<hr class=\"wp-block-separator has-alpha-channel-opacity\"\/>\n\n\n\n<p class=\"has-text-align-center has-luminous-vivid-amber-color has-text-color has-link-color wp-elements-334ed10cee694b26e5a6a0b1b68257dc\"><br><strong>Vortr\u00e4ge<\/strong> \/ <strong>Veranstaltungen<\/strong><\/p>\n\n\n\n<p class=\"has-text-align-center\">Gerne komme ich mit Jim in Kinderg\u00e4rten und Schulen. Themen: Hundesprache lernen, wie verhalte ich mich richtig? Allgemeines zum Thema Hund. Bei Interesse einfach anfragen.<\/p>\n\n\n\n<p><\/p>\n\n\n\n<p class=\"has-text-align-center\">Ich komme zu Ihnen in die Hundeschule oder den Hunde(sport)verein und halte dort Vortr\u00e4ge zu abgesprochenen Themen oder biete Theorie Workshops an! Bei Interesse einfach anfragen. Ein Beispiel:<\/p>\n\n\n\n<p><\/p>\n\n\n<div class=\"wp-block-image\">\n<figure class=\"aligncenter size-large is-resized\"><img loading=\"lazy\" decoding=\"async\" width=\"752\" height=\"1024\" src=\"https:\/\/pfotodog.de\/wp-content\/uploads\/2025\/08\/Werbung_Vortrag-Grundlagen-752x1024.jpg\" alt=\"\" class=\"wp-image-1008\" style=\"width:392px;height:auto\" srcset=\"https:\/\/pfotodog.de\/wp-content\/uploads\/2025\/08\/Werbung_Vortrag-Grundlagen-752x1024.jpg 752w, https:\/\/pfotodog.de\/wp-content\/uploads\/2025\/08\/Werbung_Vortrag-Grundlagen-220x300.jpg 220w, https:\/\/pfotodog.de\/wp-content\/uploads\/2025\/08\/Werbung_Vortrag-Grundlagen-768x1046.jpg 768w, https:\/\/pfotodog.de\/wp-content\/uploads\/2025\/08\/Werbung_Vortrag-Grundlagen-1128x1536.jpg 1128w, https:\/\/pfotodog.de\/wp-content\/uploads\/2025\/08\/Werbung_Vortrag-Grundlagen-1504x2048.jpg 1504w, https:\/\/pfotodog.de\/wp-content\/uploads\/2025\/08\/Werbung_Vortrag-Grundlagen-scaled.jpg 1880w\" sizes=\"auto, (max-width: 752px) 100vw, 752px\" \/><\/figure>\n<\/div>\n\n\n<p class=\"has-text-align-center\"><\/p>\n\n\n\n<hr class=\"wp-block-separator has-text-color has-luminous-vivid-amber-color has-alpha-channel-opacity has-luminous-vivid-amber-background-color has-background is-style-default\"\/>\n","protected":false},"excerpt":{"rendered":"<p>Hier finden Sie alle Informationen \u00fcber mich, meine Tiere, das Hundetraining sowie das Fotografieren und die Malerei. Ich w\u00fcnsche viel Spa\u00df beim Anschauen. Sandra B\u00e4der Gerne erstelle ich Gutscheine zum Verschenken f\u00fcr Fotoshootings, Gem\u00e4lde oder Training.Bei Interesse einfach melden. Vortr\u00e4ge \/ Veranstaltungen Gerne komme ich mit Jim in Kinderg\u00e4rten und Schulen. Themen: Hundesprache lernen, wie &hellip; <\/p>\n","protected":false},"author":1,"featured_media":0,"parent":0,"menu_order":0,"comment_status":"closed","ping_status":"closed","template":"","meta":{"ngg_post_thumbnail":0,"footnotes":""},"class_list":["post-9","page","type-page","status-publish","hentry"],"_links":{"self":[{"href":"https:\/\/pfotodog.de\/index.php?rest_route=\/wp\/v2\/pages\/9","targetHints":{"allow":["GET"]}}],"collection":[{"href":"https:\/\/pfotodog.de\/index.php?rest_route=\/wp\/v2\/pages"}],"about":[{"href":"https:\/\/pfotodog.de\/index.php?rest_route=\/wp\/v2\/types\/page"}],"author":[{"embeddable":true,"href":"https:\/\/pfotodog.de\/index.php?rest_route=\/wp\/v2\/users\/1"}],"replies":[{"embeddable":true,"href":"https:\/\/pfotodog.de\/index.php?rest_route=%2Fwp%2Fv2%2Fcomments&post=9"}],"version-history":[{"count":43,"href":"https:\/\/pfotodog.de\/index.php?rest_route=\/wp\/v2\/pages\/9\/revisions"}],"predecessor-version":[{"id":1081,"href":"https:\/\/pfotodog.de\/index.php?rest_route=\/wp\/v2\/pages\/9\/revisions\/1081"}],"wp:attachment":[{"href":"https:\/\/pfotodog.de\/index.php?rest_route=%2Fwp%2Fv2%2Fmedia&parent=9"}],"curies":[{"name":"wp","href":"https:\/\/api.w.org\/{rel}","templated":true}]}}